{"id":306,"date":"2024-03-12T10:25:46","date_gmt":"2024-03-12T09:25:46","guid":{"rendered":"http:\/\/www.compagnie-longtemps.com\/index.php\/actions-2\/"},"modified":"2024-06-24T10:28:46","modified_gmt":"2024-06-24T08:28:46","slug":"actions-2","status":"publish","type":"page","link":"https:\/\/www.compagnie-longtemps.com\/index.php\/actions-2\/","title":{"rendered":"Actions"},"content":{"rendered":"\t\t<div data-elementor-type=\"wp-page\" data-elementor-id=\"306\" class=\"elementor elementor-306\" data-elementor-post-type=\"page\">\n\t\t\t\t<div class=\"elementor-element elementor-element-28b3ffcc e-flex e-con-boxed e-con e-parent\" data-id=\"28b3ffcc\" data-element_type=\"container\" data-e-type=\"container\">\n\t\t\t\t\t<div class=\"e-con-inner\">\n\t\t<div class=\"elementor-element elementor-element-21c0a2b7 e-con-full e-flex e-con e-child\" data-id=\"21c0a2b7\" data-element_type=\"container\" data-e-type=\"container\">\n\t\t\t\t<div class=\"elementor-element elementor-element-5a0b1715 elementor-widget elementor-widget-heading\" data-id=\"5a0b1715\" data-element_type=\"widget\" data-e-type=\"widget\" data-widget_type=\"heading.default\">\n\t\t\t\t<div class=\"elementor-widget-container\">\n\t\t\t\t\t<h2 class=\"elementor-heading-title elementor-size-default\"><a href=\"https:\/\/www.compagnie-longtemps.com\/index.php\/actions-2\/elementor-771\/\">Demain Commence Aujourd'hui<\/a><\/h2>\t\t\t\t<\/div>\n\t\t\t\t<\/div>\n\t\t\t\t<div class=\"elementor-element elementor-element-48a2cdf3 elementor-widget-divider--view-line elementor-widget elementor-widget-divider\" data-id=\"48a2cdf3\" data-element_type=\"widget\" data-e-type=\"widget\" data-widget_type=\"divider.default\">\n\t\t\t\t<div class=\"elementor-widget-container\">\n\t\t\t\t\t\t\t<div class=\"elementor-divider\">\n\t\t\t<span class=\"elementor-divider-separator\">\n\t\t\t\t\t\t<\/span>\n\t\t<\/div>\n\t\t\t\t\t\t<\/div>\n\t\t\t\t<\/div>\n\t\t\t\t<div class=\"elementor-element elementor-element-41dbba27 elementor-widget elementor-widget-text-editor\" data-id=\"41dbba27\" data-element_type=\"widget\" data-e-type=\"widget\" data-widget_type=\"text-editor.default\">\n\t\t\t\t<div class=\"elementor-widget-container\">\n\t\t\t\t\t\t\t\t\t<p class=\"MsoNormal\"><strong>UN PROJET ARTISTIQUE ET CITOYEN AUTOUR DES MUTATIONS \u00c9COLOGIQUES EN 2023-2024<\/strong><\/p><p class=\"MsoNormal\">Avec le projet <em>Demain commence aujourd\u2019hui<\/em>, Blandine Savetier et sa compagnie souhaitent accompagner la construction de paroles et de r\u00e9cits de lyc\u00e9ens sur les mutations li\u00e9es \u00e0 la crise \u00e9cologique, en utilisant des modes d\u2019expression multiples : th\u00e9\u00e2tre, radio, \u00e9criture, vid\u00e9os.<\/p><p class=\"MsoNormal\">\u00a0<\/p>\t\t\t\t\t\t\t\t<\/div>\n\t\t\t\t<\/div>\n\t\t\t\t<\/div>\n\t\t<div class=\"elementor-element elementor-element-11a57a0e e-con-full e-flex e-con e-child\" data-id=\"11a57a0e\" data-element_type=\"container\" data-e-type=\"container\">\n\t\t\t\t<div class=\"elementor-element elementor-element-29242670 elementor-widget elementor-widget-image\" data-id=\"29242670\" data-element_type=\"widget\" data-e-type=\"widget\" data-widget_type=\"image.default\">\n\t\t\t\t<div class=\"elementor-widget-container\">\n\t\t\t\t\t\t\t\t\t\t\t\t\t\t\t\t<a href=\"https:\/\/www.compagnie-longtemps.com\/index.php\/actions-2\/elementor-771\/\">\n\t\t\t\t\t\t\t<img fetchpriority=\"high\" decoding=\"async\" width=\"1024\" height=\"683\" src=\"https:\/\/www.compagnie-longtemps.com\/wp-content\/uploads\/2024\/03\/1-Blandine-Savetier-Bchner-Schiller-Jean-Louis-Fernandez-14-1024x683.jpg\" class=\"attachment-large size-large wp-image-307\" alt=\"\" srcset=\"https:\/\/www.compagnie-longtemps.com\/wp-content\/uploads\/2024\/03\/1-Blandine-Savetier-Bchner-Schiller-Jean-Louis-Fernandez-14-1024x683.jpg 1024w, https:\/\/www.compagnie-longtemps.com\/wp-content\/uploads\/2024\/03\/1-Blandine-Savetier-Bchner-Schiller-Jean-Louis-Fernandez-14-300x200.jpg 300w, https:\/\/www.compagnie-longtemps.com\/wp-content\/uploads\/2024\/03\/1-Blandine-Savetier-Bchner-Schiller-Jean-Louis-Fernandez-14-768x512.jpg 768w, https:\/\/www.compagnie-longtemps.com\/wp-content\/uploads\/2024\/03\/1-Blandine-Savetier-Bchner-Schiller-Jean-Louis-Fernandez-14-1536x1024.jpg 1536w, https:\/\/www.compagnie-longtemps.com\/wp-content\/uploads\/2024\/03\/1-Blandine-Savetier-Bchner-Schiller-Jean-Louis-Fernandez-14.jpg 2048w\" sizes=\"(max-width: 1024px) 100vw, 1024px\" \/>\t\t\t\t\t\t\t\t<\/a>\n\t\t\t\t\t\t\t\t\t\t\t\t\t\t\t<\/div>\n\t\t\t\t<\/div>\n\t\t\t\t<\/div>\n\t\t\t\t\t<\/div>\n\t\t\t\t<\/div>\n\t\t\t\t<\/div>\n\t\t","protected":false},"excerpt":{"rendered":"<p>Demain Commence Aujourd&#8217;hui UN PROJET ARTISTIQUE ET CITOYEN AUTOUR DES MUTATIONS \u00c9COLOGIQUES EN 2023-2024 Avec le projet Demain commence aujourd\u2019hui, [&hellip;]<\/p>\n","protected":false},"author":1,"featured_media":0,"parent":0,"menu_order":0,"comment_status":"closed","ping_status":"closed","template":"","meta":{"site-sidebar-layout":"no-sidebar","site-content-layout":"","ast-site-content-layout":"full-width-container","site-content-style":"default","site-sidebar-style":"default","ast-global-header-display":"","ast-banner-title-visibility":"","ast-main-header-display":"","ast-hfb-above-header-display":"","ast-hfb-below-header-display":"","ast-hfb-mobile-header-display":"","site-post-title":"disabled","ast-breadcrumbs-content":"","ast-featured-img":"disabled","footer-sml-layout":"","ast-disable-related-posts":"","theme-transparent-header-meta":"","adv-header-id-meta":"","stick-header-meta":"","header-above-stick-meta":"","header-main-stick-meta":"","header-below-stick-meta":"","astra-migrate-meta-layouts":"default","ast-page-background-enabled":"default","ast-page-background-meta":{"desktop":{"background-color":"var(--ast-global-color-4)","background-image":"","background-repeat":"repeat","background-position":"center center","background-size":"auto","background-attachment":"scroll","background-type":"","background-media":"","overlay-type":"","overlay-color":"","overlay-opacity":"","overlay-gradient":""},"tablet":{"background-color":"","background-image":"","background-repeat":"repeat","background-position":"center center","background-size":"auto","background-attachment":"scroll","background-type":"","background-media":"","overlay-type":"","overlay-color":"","overlay-opacity":"","overlay-gradient":""},"mobile":{"background-color":"","background-image":"","background-repeat":"repeat","background-position":"center center","background-size":"auto","background-attachment":"scroll","background-type":"","background-media":"","overlay-type":"","overlay-color":"","overlay-opacity":"","overlay-gradient":""}},"ast-content-background-meta":{"desktop":{"background-color":"var(--ast-global-color-5)","background-image":"","background-repeat":"repeat","background-position":"center center","background-size":"auto","background-attachment":"scroll","background-type":"","background-media":"","overlay-type":"","overlay-color":"","overlay-opacity":"","overlay-gradient":""},"tablet":{"background-color":"var(--ast-global-color-5)","background-image":"","background-repeat":"repeat","background-position":"center center","background-size":"auto","background-attachment":"scroll","background-type":"","background-media":"","overlay-type":"","overlay-color":"","overlay-opacity":"","overlay-gradient":""},"mobile":{"background-color":"var(--ast-global-color-5)","background-image":"","background-repeat":"repeat","background-position":"center center","background-size":"auto","background-attachment":"scroll","background-type":"","background-media":"","overlay-type":"","overlay-color":"","overlay-opacity":"","overlay-gradient":""}},"footnotes":""},"class_list":["post-306","page","type-page","status-publish","hentry"],"_links":{"self":[{"href":"https:\/\/www.compagnie-longtemps.com\/index.php\/wp-json\/wp\/v2\/pages\/306","targetHints":{"allow":["GET"]}}],"collection":[{"href":"https:\/\/www.compagnie-longtemps.com\/index.php\/wp-json\/wp\/v2\/pages"}],"about":[{"href":"https:\/\/www.compagnie-longtemps.com\/index.php\/wp-json\/wp\/v2\/types\/page"}],"author":[{"embeddable":true,"href":"https:\/\/www.compagnie-longtemps.com\/index.php\/wp-json\/wp\/v2\/users\/1"}],"replies":[{"embeddable":true,"href":"https:\/\/www.compagnie-longtemps.com\/index.php\/wp-json\/wp\/v2\/comments?post=306"}],"version-history":[{"count":52,"href":"https:\/\/www.compagnie-longtemps.com\/index.php\/wp-json\/wp\/v2\/pages\/306\/revisions"}],"predecessor-version":[{"id":791,"href":"https:\/\/www.compagnie-longtemps.com\/index.php\/wp-json\/wp\/v2\/pages\/306\/revisions\/791"}],"wp:attachment":[{"href":"https:\/\/www.compagnie-longtemps.com\/index.php\/wp-json\/wp\/v2\/media?parent=306"}],"curies":[{"name":"wp","href":"https:\/\/api.w.org\/{rel}","templated":true}]}}